{"id":147,"date":"2011-06-30T21:07:41","date_gmt":"2011-06-30T21:07:41","guid":{"rendered":"http:\/\/www.ibimperial.org.br\/home\/?page_id=147"},"modified":"2013-12-04T19:37:14","modified_gmt":"2013-12-04T19:37:14","slug":"aconselhamento","status":"publish","type":"page","link":"http:\/\/www.ibimperial.org.br\/home\/aconselhamento\/","title":{"rendered":"Aconselhamento"},"content":{"rendered":"<p><a href=\"http:\/\/dl.getdropbox.com\/u\/fq06k3ywy4b4dsq\/home\/uploads\/2011\/06\/casai_aconselhamento-460x261.jpg\"><img loading=\"lazy\" decoding=\"async\" class=\"alignleft size-medium wp-image-148\" title=\"casai_aconselhamento-460x261\" alt=\"\" src=\"http:\/\/dl.getdropbox.com\/u\/fq06k3ywy4b4dsq\/home\/uploads\/2011\/06\/casai_aconselhamento-460x261-300x170.jpg\" width=\"300\" height=\"170\" srcset=\"http:\/\/www.ibimperial.org.br\/home\/wp-content\/uploads\/2011\/06\/casai_aconselhamento-460x261-300x170.jpg 300w, http:\/\/www.ibimperial.org.br\/home\/wp-content\/uploads\/2011\/06\/casai_aconselhamento-460x261.jpg 460w\" sizes=\"auto, (max-width: 300px) 100vw, 300px\" \/><\/a><\/p>\n<p>&nbsp;<\/p>\n<p><!--more-->Durante nossa vida por vezes, nos sentimos sozinhos em meio \u00e0s lutas e desafios que est\u00e3o diante de n\u00f3s. Deus em todo o tempo deseja nos mostrar que Seu filho \u00e9 o caminho pelo qual podemos seguir.<\/p>\n<p>Se voc\u00ea precisa de\u00a0orienta\u00e7\u00e3o e cuidado para voc\u00ea e sua fam\u00edlia, podemos ajudar. Ligue para n\u00f3s atrav\u00e9s do (81) 3428.4713 ou envie um email para pastor@ibimperial.org.br.<\/p>\n<div id=\"fb-root\"><\/div><script src=\"http:\/\/connect.facebook.net\/en_US\/all.js#xfbml=1\"><\/script><!-- Do not remove -->","protected":false},"excerpt":{"rendered":"<p>&nbsp;<\/p>\n","protected":false},"author":1,"featured_media":0,"parent":0,"menu_order":996,"comment_status":"closed","ping_status":"closed","template":"","meta":{"ngg_post_thumbnail":0,"_kadence_starter_templates_imported_post":false,"_kad_post_transparent":"","_kad_post_title":"","_kad_post_layout":"","_kad_post_sidebar_id":"","_kad_post_content_style":"","_kad_post_vertical_padding":"","_kad_post_feature":"","_kad_post_feature_position":"","_kad_post_header":false,"_kad_post_footer":false,"footnotes":""},"class_list":["post-147","page","type-page","status-publish","hentry"],"_links":{"self":[{"href":"http:\/\/www.ibimperial.org.br\/home\/wp-json\/wp\/v2\/pages\/147","targetHints":{"allow":["GET"]}}],"collection":[{"href":"http:\/\/www.ibimperial.org.br\/home\/wp-json\/wp\/v2\/pages"}],"about":[{"href":"http:\/\/www.ibimperial.org.br\/home\/wp-json\/wp\/v2\/types\/page"}],"author":[{"embeddable":true,"href":"http:\/\/www.ibimperial.org.br\/home\/wp-json\/wp\/v2\/users\/1"}],"replies":[{"embeddable":true,"href":"http:\/\/www.ibimperial.org.br\/home\/wp-json\/wp\/v2\/comments?post=147"}],"version-history":[{"count":3,"href":"http:\/\/www.ibimperial.org.br\/home\/wp-json\/wp\/v2\/pages\/147\/revisions"}],"predecessor-version":[{"id":839,"href":"http:\/\/www.ibimperial.org.br\/home\/wp-json\/wp\/v2\/pages\/147\/revisions\/839"}],"wp:attachment":[{"href":"http:\/\/www.ibimperial.org.br\/home\/wp-json\/wp\/v2\/media?parent=147"}],"curies":[{"name":"wp","href":"https:\/\/api.w.org\/{rel}","templated":true}]}}