{"id":151,"date":"2011-06-30T21:19:01","date_gmt":"2011-06-30T21:19:01","guid":{"rendered":"http:\/\/www.ibimperial.org.br\/home\/?page_id=151"},"modified":"2011-06-30T21:19:37","modified_gmt":"2011-06-30T21:19:37","slug":"historia-dos-batistas","status":"publish","type":"page","link":"http:\/\/www.ibimperial.org.br\/home\/inicia\/historia-dos-batistas\/","title":{"rendered":"Hist\u00f3ria dos Batistas"},"content":{"rendered":"<div><strong>Quem somos como Batistas<\/strong><\/p>\n<p>Somos um povo que vem de longe, com muitos nomes, de muitas persegui\u00e7\u00f5es, de muitas lutas, mas construindo uma bela hist\u00f3ria de f\u00e9, de doutrina e de princ\u00edpios. Voc\u00ea os conhecer\u00e1 nos conte\u00fados dos documentos que disponibilizamos neste Portal.<\/p><\/div>\n<div>Somos o povo da B\u00edblia, a Palavra Infal\u00edvel e Eterna de Deus. Cremos em Deus Pai, santo, justo, criador, e sustentador de todas as coisas. Cremos no Deus Filho Jesus Cristo, Salvador e Senhor de nossas vidas e almas e no Deus Espirito Santo, o Consolador que nos guia em tudo quanto Jesus ensinou.<\/div>\n<div>Com o nome de Batista existimos desde 1612, quando Thomas Helwys de volta da Holanda, onde se refugiara da persegui\u00e7\u00e3o do Rei James I da Inglaterra, organizou com os que voltaram com ele, uma igreja em Spitalfields arredores de Londres.<\/div>\n<div>Thomas Helwys, que era advogado e estudioso da B\u00edblia, ao escrever um livro intitulado &#8221; Uma Breve Declara\u00e7\u00e3o Sobre o Mist\u00e9rio da Iniquidade&#8221;, foi preso e morreu na pris\u00e3o, em 1615.<\/div>\n<div>No referido livro, ele escreveu aquilo que \u00e9 um dos mais caros princ\u00edpios batistas, o principio da liberdade religiosa e de consci\u00eancia :&#8221;&#8230; a religi\u00e3o do homem est\u00e1 entre Deus e ele: o rei n\u00e3o tem que responder por ela e nem pode o rei ser juiz entre Deus e o homem. Que haja, pois, her\u00e9ticos, turcos ou judeus, ou outros mais, n\u00e3o cabe ao poder terreno puni-los de maneira nenhuma&#8221;.<\/div>\n<div>Nossas igrejas adotam a forma de governo Congregacional Democr\u00e1tico. S\u00e3o Igrejas aut\u00f4nomas e locais. Relacionam-se umas com as outras pela mesma f\u00e9 e ordem, de forma cooperativa e por la\u00e7os fraternais.<\/div>\n<div>Cr\u00eaem na convers\u00e3o pessoal de cada crente a Jesus Cristo, no exerc\u00edcio de sua responsabilidade individual e que \u00e9 aceito pela Igreja por batismo por imers\u00e3o e mediante confiss\u00e3o da sua f\u00e9 em Jesus Cristo como salvador pessoal. Portanto. N\u00e3o aceitam e nem praticam o batismo infantil. Realizam seus objetivos comuns pela coopera\u00e7\u00e3o volunt\u00e1ria, na forma de associa\u00e7\u00e3o de Igrejas ou de conven\u00e7\u00f5es, como \u00e9 o caso da Conven\u00e7\u00e3o Batista Brasileira.<\/p>\n<p><strong>A Conven\u00e7\u00e3o Batista Brasileira<\/strong><\/p>\n<p><strong>Sua Origem<\/strong><br \/>\nEm 1882, quando foi organizada a Primeira Igreja Batista, voltada para a evangeliza\u00e7\u00e3o do Brasil, j\u00e1 existiam duas outras igrejas batistas, organizadas por imigrantes norte-americanos, residentes na regi\u00e3o de Santa B\u00e1rbara do D&#8217;Oeste e Americana, S\u00e3o Paulo.<\/div>\n<div>Os casais de mission\u00e1rios batistas norte-americanos, rec\u00e9m chegados ao Brasil, Willian Buck Bagby e Anne Luther Bagby, os pioneiros; e Zacharias Clay Taylor, Kate Stevens Crawford Taylor, auxiliados pelo ex-padre Ant\u00f4nio Texeira de Albuquerque, batizado em Santa B\u00e1rbara D&#8217;Oeste; decidiram iniciar a sua miss\u00e3o na cidade de Salvador, Bahia, com 250.000 habitantes. Ali chegaram no dia 31 de agosto de 1882 e no dia 15 de outubro, organizaram a PIB do Brasil com 5 membros; os dois casais de mission\u00e1rias e o ex-padre Ant\u00f4nio Teixeira.<\/p>\n<p><strong>Este foi o in\u00edcio<\/strong><br \/>\nNos primeiros vinte e cinco (25) anos de trabalho, Bagby e Taylor auxiliados por outros mission\u00e1rios e, por um n\u00famero crescente de brasileiros, evangelistas e pastores, j\u00e1 tinham organizado 83 igrejas, com aproximadamente 4.200 membros.<br \/>\n<strong><br \/>\nOrganiza\u00e7\u00e3o da Conven\u00e7\u00e3o<\/strong><br \/>\nSegundo Jos\u00e9 dos Reis Pereira, Salom\u00e3o Ginsburg foi a primeira pessoa a pensar na organiza\u00e7\u00e3o de uma Conven\u00e7\u00e3o Nacional dos Batistas Brasileiros.<\/div>\n<div>Mas, somente em 1907, a id\u00e9ia foi concretizada. A. B. Deter, Zacharias Taylor e Salom\u00e3o Ginsburg concordaram em dar prosseguimento ao plano. Eles conseguiram a ades\u00e3o de outros mission\u00e1rios e de l\u00edderes brasileiros, inclusive Francisco Fulg\u00eancio Soren, que tinha, inicialmente, algumas reservas.<\/div>\n<div>\nA comiss\u00e3o organizadora optou pela data de 22 de junho de 1907 para organizar a Conven\u00e7\u00e3o, na cidade de Salvador, quando transcorreriam os primeiros 25 anos do in\u00edcio do trabalho batista brasileiro, tamb\u00e9m come\u00e7ado na referida cidade.<\/div>\n<div>No dia aprazado, no pr\u00e9dio do ALJUBE, onde funcionava a PIB de Salvador, em sess\u00e3o solene, foi realizada a primeira Assembl\u00e9ia da Conven\u00e7\u00e3o Batista Brasileira, composta de 43 mensageiros enviados por Igrejas e organiza\u00e7\u00f5es. A casa estava cheia. O clima era de festa, celebrando o que Deus fizera a partir daquele in\u00edcio t\u00e3o pequeno!<\/div>\n<div>Criada a Conven\u00e7\u00e3o, foi eleita sua primeira diretoria: Presidente &#8211; Francisco Fulg\u00eancio Soren; 1\u00ba Vice-presidente &#8211; Joaquim Fernandes Lessa &#8211; 2\u00ba Vice-presidente &#8211; Jo\u00e3o Borges da Rocha; 1\u00ba Secret\u00e1rio &#8211; Teodoro Rodrigues Teixeira; 2\u00ba Secret\u00e1rio &#8211; Manuel I. Sampaio; Tesoureiro &#8211; Zacharias Taylor. A motiva\u00e7\u00e3o b\u00e1sica da cria\u00e7\u00e3o da Conven\u00e7\u00e3o foi miss\u00f5es e falava-se na evangeliza\u00e7\u00e3o de Portugal, do Chile e da \u00c1frica. Foram criadas al\u00e9m das duas Juntas Mission\u00e1rias, Miss\u00f5es Nacionais e Miss\u00f5es Estrangeiras (hoje Miss\u00f5es Mundiais) outras juntas: para a Casa Publicadora Batista, para Escola B\u00edblica Dominical, para Uni\u00e3o de Mocidade Batista, para Educa\u00e7\u00e3o e Semin\u00e1rio, e para a Administra\u00e7\u00e3o do Semin\u00e1rio. Ao todo 7 Juntas.<\/div>\n<div>As \u00e1reas de Miss\u00f5es, Educa\u00e7\u00e3o Religiosa e Publica\u00e7\u00f5es, Educa\u00e7\u00e3o Teol\u00f3gica e Educa\u00e7\u00e3o, foram as que receberam maior aten\u00e7\u00e3o dos convencionais.<\/p>\n<p><strong>Os Batistas e as Miss\u00f5es<\/strong><br \/>\nMiss\u00f5es locais, nacionais e mundiais empolgaram o cora\u00e7\u00e3o do povo batista brasileiro e a obra se expandiu por todo o territ\u00f3rio p\u00e1trio e se espalhou pelo mundo, como se pode ver hoje.<\/p>\n<p><strong>Os Batistas e a Educa\u00e7\u00e3o<\/strong><br \/>\nA educa\u00e7\u00e3o \u00e9 uma marca vis\u00edvel do povo batista.\u00a0 Sua paix\u00e3o pelo estudo da B\u00edblia desenvolveu o interesse pela educa\u00e7\u00e3o religiosa, cultivada nas igrejas atrav\u00e9s das organiza\u00e7\u00f5es de treinamento e da EBD. Os templos se tornaram verdadeiros complexos educacionais.<\/div>\n<div>Com a Educa\u00e7\u00e3o Religiosa veio a Educa\u00e7\u00e3o Teol\u00f3gica.\u00a0 Inicialmente atrav\u00e9s de aulas dadas pelos mission\u00e1rios em suas casas, depois surgiram os Semin\u00e1rios: Semin\u00e1rio Teol\u00f3gico Batista do Norte do Brasil, organizado em Recife, PE, por Salom\u00e3o Ginsburg, em 1\u00ba de abril de 1902, e o Semin\u00e1rio Teol\u00f3gico Batista do Sul, fundado pelo mission\u00e1rio John Watson Shepard, na cidade do Rio de Janeiro, 1908.<\/div>\n<div>A estes dois Semin\u00e1rios, formam agregados dezenas de outros espalhados por todo o pa\u00eds, com\u00a0 milhares de alunos.<\/div>\n<div>A Educa\u00e7\u00e3o chamada de geral, ou secular, teve a mesma origem, o desejo de abrir oportunidades para o estudo da juventude e, de criar uma escola com capacidade para exercer influ\u00eancia sobre a sociedade brasileira.<\/div>\n<div>O Col\u00e9gio Taylor Eg\u00eddio fundado em Salvador pela senhora Laura Taylor e pelo Capit\u00e3o Eg\u00eddio Pereira de Almeida foi o primeiro a vingar.\u00a0\u00a0 Em\u00a0 1922 ele foi transferido para a cidade de Jaguaquara, onde existe at\u00e9 hoje.\u00a0 (4)<\/div>\n<div>Depois dele, e por causa dele, vieram o Col\u00e9gio Batista Brasileiro de S\u00e3o\u00a0\u00a0 Paulo; Col\u00e9gio Americano Batista do Recife;\u00a0 Instituto Batista Industrial em Corrente, Piau\u00ed; Col\u00e9gio Americano, em Vit\u00f3ria; Col\u00e9gio Batista Shepard no Rio de\u00a0 Janeiro; Col\u00e9gio Batista Alagoano em Alagoas;\u00a0 Col\u00e9gio Batista\u00a0 Fluminense em Campos, RJ; Col\u00e9gio Batista Mineiro, em Belo Horizonte.\u00a0 Al\u00e9m destes Col\u00e9gios dezenas de outros foram organizados com a ajuda dos mission\u00e1rios ou por iniciativa de igrejas, Conven\u00e7\u00f5es estaduais e de particulares batistas.\u00a0\u00a0 A contribui\u00e7\u00e3o dos batistas na \u00e1rea educacional \u00e9 realmente not\u00e1vel, considerando tanto a qualidade quanto a quantidade. Hoje, perto de dois milh\u00f5es de brasileiros, j\u00e1 passaram pelas escolas batistas.<\/div>\n<div>\n<strong>Lutas e Problemas<\/strong><br \/>\nNem tudo s\u00e3o flores na caminhada da obra batista do Brasil e da Conven\u00e7\u00e3o.\u00a0 Ela tem atravessado problemas administrativos s\u00e9rios, amea\u00e7as de divis\u00e3o, e quest\u00f5es doutrin\u00e1rias.\u00a0 Por\u00e9m tornou-se centro de vida batista brasileira e da motiva\u00e7\u00e3o do trabalho realizado em todo o territ\u00f3rio nacional.<br \/>\n<strong><br \/>\nA Conven\u00e7\u00e3o \u00e9 um fator de Converg\u00eancia e de Uni\u00e3o<\/strong><br \/>\nAs igrejas se filiam \u00e0 Conven\u00e7\u00e3o voluntariamente, aceitam sua declara\u00e7\u00e3o doutrin\u00e1ria e seu programa cooperativo e se comprometem a apoiar e trabalhar pela expans\u00e3o do Reino de Deus no Brasil, no mundo.<br \/>\nUnidos em torno da Palavra de Deus, a B\u00edblia Sagrada, e da prega\u00e7\u00e3o do Evangelho, as 6.000 igrejas cooperantes ampliam seu raio de a\u00e7\u00e3o inclusive, pela organiza\u00e7\u00e3o de cerca de centenas de igrejas cada ano e pela evangeliza\u00e7\u00e3o de milhares de pessoas que se convertem e s\u00e3o batizadas.<br \/>\nA Conven\u00e7\u00e3o tem encontrado na coopera\u00e7\u00e3o dos pastores e leigos, homens e mulheres, na submiss\u00e3o ao Esp\u00edrito Santo, sabedoria para organizar seus planos e aceitar os desafios da comunica\u00e7\u00e3o do evangelho.<\/p>\n<p><strong>A\u00a0 Conven\u00e7\u00e3o Batista Brasileira comemorou em 1997 90 anos<\/strong><br \/>\nOs batistas brasileiros podem agradecer a Deus pela realidade que \u00e9 a CBB e celebrar sua exist\u00eancia com alegria. Estamos celebrando aquilo que \u00e9 mais forte na denomina\u00e7\u00e3o,\u00a0 o esp\u00edrito cooperativo, motivado e alimentado pela Conven\u00e7\u00e3o, que coloca diante das igrejas de forma real\u00e7ada, os objetivos do servi\u00e7o e da adora\u00e7\u00e3o a Deus.\u00a0 Lembrando permanentemente a miss\u00e3o de pregar o Evangelho at\u00e9 os confins da terra.<br \/>\nNoventa anos de hist\u00f3rias e de li\u00e7\u00f5es, que abrem caminho para o futuro de\u00a0 uni\u00e3o, coopera\u00e7\u00e3o e de servi\u00e7o para a gl\u00f3ria de Deus.<\/div>\n<div>\nA hist\u00f3ria nos diz que podemos, com confian\u00e7a em Deus, prosseguir para o alvo pelo pr\u00eamio da soberana voca\u00e7\u00e3o, de continuar servindo a Deus, por nosso Senhor\u00a0 Jesus Cristo (Fil. 3:14).<\/div>\n<div>\nChegar ao in\u00edcio do s\u00e9culo XXI e do 3\u00ba mil\u00eanio com desafios audaciosos em seu planejamento e seus realizados,\u00a0 como \u00e9 o caso do Portal Batista,\u00a0 que voc\u00ea est\u00e1\u00a0 visitando e que o manter\u00e1 informado quanto a contribui\u00e7\u00e3o que ela continua dando ao povo batista e ao povo brasileiro.<\/p>\n<p><strong>A hist\u00f3ria mundial dos Batista pode ser contada<br \/>\na partir de duas ra\u00edzes principais:<br \/>\n\u00bb Das suas doutrinas;<br \/>\n\u00bb Do surgimento no cen\u00e1rio mundial com o nome Batista.<\/strong><\/div>\n<div>\n<strong>Considerando as Ra\u00edzes Doutrin\u00e1rias<\/strong><\/p>\n<p>Considerando as Ra\u00edzes Doutrin\u00e1rias, os Batistas saem diretamente das p\u00e1ginas do Novo Testamento: dos l\u00e1bios e ensinos de Jesus e dos ap\u00f3stolos e tem sua trajet\u00f3ria marcada pela oposi\u00e7\u00e3o a toda corrup\u00e7\u00e3o da doutrina crist\u00e3 claramente exposta no Novo Testamento.<\/p><\/div>\n<div>\nAo consultar a Declara\u00e7\u00e3o Doutrin\u00e1ria da Conven\u00e7\u00e3o Batista Brasileira voc\u00ea ver\u00e1 que as nossas doutrinas saem, com clareza l\u00edmpida, das Sagradas Escrituras.<\/p>\n<p>A corrup\u00e7\u00e3o de algumas doutrinas e pr\u00e1ticas do cristianismo come\u00e7aram a surgir muito cedo em sua hist\u00f3ria, como pode ser constatado nos escritos dos ap\u00f3stolos. Esta corrup\u00e7\u00e3o foi se ampliando ap\u00f3s a &#8220;convers\u00e3o&#8221; do Imperador Constantino ( 306 a 337) ao cristianismo, ocorrida a partir de 312 quando incorporou a cruz ao seu estandarte e passou a favorecer os crist\u00e3os.<\/p>\n<p>Muitos destes resistentes rejeitavam as inova\u00e7\u00f5es doutrin\u00e1rias e as praticas e por isso foram perseguidos, exilados e mortos. Eles mantiveram acesas as doutrinas crist\u00e3s genu\u00ednas e possibilitaram, que atrav\u00e9s dos tempos, outros se levantassem na Idade M\u00e9dia como Cl\u00e1udio de Turim, Pedro de Bruys e Henrique de Lausanne, Pedro Vado Jo\u00e3o Wycleffe, Jo\u00e3o Huss e muitos outros.<\/p>\n<p>Com o surgimento da Reforma Protestante liderada por Martinho Lutero, e deflagrada em 31 de outubro de 1517 quando da publica\u00e7\u00e3o das suas famosas 95 teses, na porta do Castelo de Wittenberg, criou-se a oportunidade de que muitos grupos dissidentes intensificassem suas prega\u00e7\u00f5es, e entre eles os chamados Anabatistas que sustentavam muitas doutrinas que os batistas esposam e representavam o grupo mais ativo e poderoso daquele momento. O nome que lhes foi dado Anabatistas &#8220;significa os rebatizadores&#8221;.<\/p><\/div>\n<div>\nFinalmente, 1608 um grupo de refugiados ingleses que foram para a Holanda em busca da liberdade religiosa, liderados por John Smyth que era pregador e Thomas Helwys que era advogado, organizaram em Amsterd\u00e3, em 1609 uma igreja de doutrina batista, como era o sonho dos dois lideres.<\/p>\n<p>John Smyth batizou-se por imers\u00e3o e em seguida batizou os demais fundadores da igreja, constituindo-se assim a primeira igreja organizada, tendo como espelho as doutrinas do Novo Testamento inclusive o batismo por imers\u00e3o e mediante a profiss\u00e3o de f\u00e9 em Jesus Cristo.<\/p>\n<p>Com a morte de John Smyth logo depois, e da decis\u00e3o de Thomas Helwys e seus seguidores de regressarem para a Inglaterra, a igreja organizada se desfez e parte dos seus membros se uniram aos menonitas.<\/p>\n<p><strong>A Nossa Hist\u00f3ria no Brasil e no Mundo<\/p>\n<p>Considerando as ra\u00edzes do nome batista<br \/>\n<\/strong>A hist\u00f3ria come\u00e7a com a organiza\u00e7\u00e3o da Igreja em Spitalfields, nos arredores de Londres, em 1612, por Thomas Helwys e seus seguidores, j\u00e1 batizados na Igreja em Amsterd\u00e3. \u00c9 esta Igreja, que agora inicia a linhagem de igrejas batistas que come\u00e7am a crescer na Inglaterra sob severa persegui\u00e7\u00e3o por dissentirem da igreja oficial, a Igreja Anglicana.<\/div>\n<div>\nA persegui\u00e7\u00e3o aos batistas e a outros grupos separatistas, os levou a v\u00e1rias partes do mundo, e em especial \u00e0s col\u00f4nias da Am\u00e9rica do Norte, em busca da liberdade religiosa.<\/div>\n<div>\nDois ilustres homens s\u00e3o considerados fundadores das igrejas Batistas em solo americano, Roger Williams, que organizou a Primeira Igreja Batista de Providence em 1639, na col\u00f4nia que ele fundou com o nome de Rode Island, e John Clark que organizou a Igreja Batista de Newport, tamb\u00e9m\u00a0 em Rods Island e conhecida desde 1648. Os batista se espalharam pelas diversas col\u00f4nias da Am\u00e9rica do Norte e fora influentes na forma\u00e7\u00e3o da constitui\u00e7\u00e3o americana de 1781.<\/p>\n<p><strong>A expans\u00e3o dos Batistas no mundo.<\/strong><br \/>\nEm 1791, um jovem pastor ingl\u00eas chamado William Carey sentindo forte compaix\u00e3o pelas multid\u00f5es pag\u00e3s da \u00cdndia, decidiu iniciar com o apoio de v\u00e1rios pastores, um movimento para o envio de mission\u00e1rio\u00a0 \u00e0quelas terras. Assim foi criada a Sociedade de Miss\u00f5es no Estrangeiro, que tem tido uma participa\u00e7\u00e3o muito grande na expans\u00e3o da obra Batista na \u00c1sia e \u00c1frica al\u00e9m de outros continentes e inclusive no Brasil.<br \/>\nPor sua vez, os Batistas Norte Americanos foram grandemente motivados a evangelizar o mundo. Um jovem casal de mission\u00e1rios Adoniram\u00a0 e Ana Judson enviados em 1812 pela Igreja Congregacional, para evangelizar a \u00cdndia, com destino a Calcut\u00e1, examinando a B\u00edblia, especialmente o Novo Testamento, a doutrino do batismo, j\u00e1 que iriam se encontrar com o mission\u00e1rio Batista William Carey e seu grupo de pastores, acabou por concluir que os batista estavam certos. Eles foram batizados pelo Pastor William Ward companheiro de Carey. O mesmo fato aconteceu com outro mission\u00e1rio Congregacional, tamb\u00e9m enviado a \u00cdndia, Luther Rice, que igualmente foi batizado, tornando-se Batista.<\/div>\n<div>\nEles decidiram que Adoniram Judson permaneceria no Oriente e Luther Raice voltaria aos Estados Unidos para mobilizar os Batistas para a obra missionaria. Seu trabalho vingou e em maio de 1814, foi funda uma Conven\u00e7\u00e3o em Filad\u00e9lfia com o nome de \u201c\u201d Conven\u00e7\u00e3o Geral da Denomina\u00e7\u00e3o Batista nos Estados Unidos para Miss\u00f5es no Estrangeiro\u201d.<\/div>\n<div>\nA partir da\u00ed, a obra mission\u00e1ria dos batistas iniciou um gigantesco crescimento. Chegando inclusive, atrav\u00e9s dos Batistas do Sul dos Estados Unidos, o Brasil. onde foi organizada, no dia 15 outubro de 1882, a Primeira Igreja Batista para Brasileiros em nossa terra e, deste trabalho, \u00e9 que surgiu a Conven\u00e7\u00e3o Batista Brasileira.<\/div>\n<div>\nHoje os Batista est\u00e3o presentes, em cerca de 200 pa\u00edses e representam uma popula\u00e7\u00e3o de perto de quarenta\u00a0 milh\u00f5es de membros e atingem cerca de cem milh\u00f5es de pessoas no mundo inteiro.<\/div>\n<div><\/div>\n<div>*Fonte: Conven\u00e7\u00e3o Batista Brasileira<\/div>\n<div id=\"fb-root\"><\/div><script src=\"http:\/\/connect.facebook.net\/en_US\/all.js#xfbml=1\"><\/script><!-- Do not remove -->","protected":false},"excerpt":{"rendered":"<p>Quem somos como Batistas Somos um povo que vem de longe, com muitos nomes, de muitas persegui\u00e7\u00f5es, de muitas lutas, mas construindo uma bela hist\u00f3ria de f\u00e9, de doutrina e de princ\u00edpios. Voc\u00ea os conhecer\u00e1 nos conte\u00fados dos documentos que disponibilizamos neste Portal. Somos o povo da B\u00edblia, a Palavra Infal\u00edvel e Eterna de Deus&#8230;.<\/p>\n","protected":false},"author":1,"featured_media":0,"parent":9,"menu_order":0,"comment_status":"closed","ping_status":"closed","template":"","meta":{"ngg_post_thumbnail":0,"_kadence_starter_templates_imported_post":false,"_kad_post_transparent":"","_kad_post_title":"","_kad_post_layout":"","_kad_post_sidebar_id":"","_kad_post_content_style":"","_kad_post_vertical_padding":"","_kad_post_feature":"","_kad_post_feature_position":"","_kad_post_header":false,"_kad_post_footer":false,"footnotes":""},"class_list":["post-151","page","type-page","status-publish","hentry"],"_links":{"self":[{"href":"http:\/\/www.ibimperial.org.br\/home\/wp-json\/wp\/v2\/pages\/151","targetHints":{"allow":["GET"]}}],"collection":[{"href":"http:\/\/www.ibimperial.org.br\/home\/wp-json\/wp\/v2\/pages"}],"about":[{"href":"http:\/\/www.ibimperial.org.br\/home\/wp-json\/wp\/v2\/types\/page"}],"author":[{"embeddable":true,"href":"http:\/\/www.ibimperial.org.br\/home\/wp-json\/wp\/v2\/users\/1"}],"replies":[{"embeddable":true,"href":"http:\/\/www.ibimperial.org.br\/home\/wp-json\/wp\/v2\/comments?post=151"}],"version-history":[{"count":2,"href":"http:\/\/www.ibimperial.org.br\/home\/wp-json\/wp\/v2\/pages\/151\/revisions"}],"predecessor-version":[{"id":153,"href":"http:\/\/www.ibimperial.org.br\/home\/wp-json\/wp\/v2\/pages\/151\/revisions\/153"}],"up":[{"embeddable":true,"href":"http:\/\/www.ibimperial.org.br\/home\/wp-json\/wp\/v2\/pages\/9"}],"wp:attachment":[{"href":"http:\/\/www.ibimperial.org.br\/home\/wp-json\/wp\/v2\/media?parent=151"}],"curies":[{"name":"wp","href":"https:\/\/api.w.org\/{rel}","templated":true}]}}