{"id":18,"date":"2011-06-29T20:10:57","date_gmt":"2011-06-29T20:10:57","guid":{"rendered":"http:\/\/www.ibimperial.org.br\/home\/?page_id=18"},"modified":"2013-12-20T21:09:59","modified_gmt":"2013-12-20T21:09:59","slug":"pequenos-grupos","status":"publish","type":"page","link":"http:\/\/www.ibimperial.org.br\/home\/participe\/pequenos-grupos\/","title":{"rendered":"Pequenos Grupos"},"content":{"rendered":"<p><strong>Somos uma igreja que tamb\u00e9m se re\u00fane no grande ajuntamento aos domingos\u00a0<\/strong><strong>e durante a semana nos reunimos em pequenos grupos,\u00a0<\/strong><strong>espalhados em diversas \u00e1reas de nossa regi\u00e3o.<\/strong><\/p>\n<p><strong>\u00a0<\/strong>Voc\u00ea gostaria de conhecer um Pequeno Grupo? Aqui voc\u00ea pode saber mais sobre o que \u00e9 um Pequeno Grupo.<\/p>\n<p>O Pequeno Grupo (PG) \u00e9 uma express\u00e3o da Igreja, onde os que participam caminham juntos nos passos de Jesus, tornando real a orienta\u00e7\u00e3o b\u00edblica sobre os mandamentos rec\u00edprocos como por exemplo:<\/p>\n<p>&#8211; \u201cSuportem-se uns aos outros e perdoem as queixas que tiverem uns contra os outros. Perdoem como o Senhor lhes perdoou.\u201d Colossenses 3:13<\/p>\n<p>&#8211; \u201cO meu mandamento \u00e9 este: Amem-se uns aos outros como eu os amei.\u201d Jo\u00e3o 15:12<\/p>\n<p>&#8211; \u201cHabite ricamente em voc\u00eas a palavra de Cristo; ensinem e aconselhem-se uns aos outros com toda a sabedoria\u2026\u201d Colossenses 3:16<\/p>\n<p>Podemos experimentar no PG a oportunidade de desenvolver e aperfei\u00e7oar a nossa vida a luz dos ensinos de Cristo, encontrando amadurecimento espiritual no estudo da B\u00edblia em grupo.<\/p>\n<p>O Pequeno Grupo tamb\u00e9m \u00e9 um ambiente facilitador, para apresentarmos Jesus \u00e0s pessoas que desejam conhec\u00ea-lo, como tamb\u00e9m \u00e9 um local para nos dispormos a servir, colocando nossos dons ou habilidades a disposi\u00e7\u00e3o do Senhor com o fim de aben\u00e7oar outros.<\/p>\n<p>Ligue para (81) 3428.4713 ou secretaria@ibimperial.org.br e saiba mais sobre os grupos pequenos.<\/p>\n<div id=\"fb-root\"><\/div><script src=\"http:\/\/connect.facebook.net\/en_US\/all.js#xfbml=1\"><\/script><!-- Do not remove -->","protected":false},"excerpt":{"rendered":"<p>Somos uma igreja que tamb\u00e9m se re\u00fane no grande ajuntamento aos domingos\u00a0e durante a semana nos reunimos em pequenos grupos,\u00a0espalhados em diversas \u00e1reas de nossa regi\u00e3o. \u00a0Voc\u00ea gostaria de conhecer um Pequeno Grupo? Aqui voc\u00ea pode saber mais sobre o que \u00e9 um Pequeno Grupo. O Pequeno Grupo (PG) \u00e9 uma express\u00e3o da Igreja, onde&#8230;<\/p>\n","protected":false},"author":1,"featured_media":0,"parent":13,"menu_order":0,"comment_status":"closed","ping_status":"closed","template":"","meta":{"ngg_post_thumbnail":0,"_kadence_starter_templates_imported_post":false,"_kad_post_transparent":"","_kad_post_title":"","_kad_post_layout":"","_kad_post_sidebar_id":"","_kad_post_content_style":"","_kad_post_vertical_padding":"","_kad_post_feature":"","_kad_post_feature_position":"","_kad_post_header":false,"_kad_post_footer":false,"footnotes":""},"class_list":["post-18","page","type-page","status-publish","hentry"],"_links":{"self":[{"href":"http:\/\/www.ibimperial.org.br\/home\/wp-json\/wp\/v2\/pages\/18","targetHints":{"allow":["GET"]}}],"collection":[{"href":"http:\/\/www.ibimperial.org.br\/home\/wp-json\/wp\/v2\/pages"}],"about":[{"href":"http:\/\/www.ibimperial.org.br\/home\/wp-json\/wp\/v2\/types\/page"}],"author":[{"embeddable":true,"href":"http:\/\/www.ibimperial.org.br\/home\/wp-json\/wp\/v2\/users\/1"}],"replies":[{"embeddable":true,"href":"http:\/\/www.ibimperial.org.br\/home\/wp-json\/wp\/v2\/comments?post=18"}],"version-history":[{"count":18,"href":"http:\/\/www.ibimperial.org.br\/home\/wp-json\/wp\/v2\/pages\/18\/revisions"}],"predecessor-version":[{"id":890,"href":"http:\/\/www.ibimperial.org.br\/home\/wp-json\/wp\/v2\/pages\/18\/revisions\/890"}],"up":[{"embeddable":true,"href":"http:\/\/www.ibimperial.org.br\/home\/wp-json\/wp\/v2\/pages\/13"}],"wp:attachment":[{"href":"http:\/\/www.ibimperial.org.br\/home\/wp-json\/wp\/v2\/media?parent=18"}],"curies":[{"name":"wp","href":"https:\/\/api.w.org\/{rel}","templated":true}]}}