{"id":5,"date":"2011-06-29T20:02:58","date_gmt":"2011-06-29T20:02:58","guid":{"rendered":"http:\/\/www.ibimperial.org.br\/home\/?page_id=5"},"modified":"2011-06-30T12:39:50","modified_gmt":"2011-06-30T12:39:50","slug":"em-que-cremos","status":"publish","type":"page","link":"http:\/\/www.ibimperial.org.br\/home\/inicia\/em-que-cremos\/","title":{"rendered":"Em que cremos"},"content":{"rendered":"<p><span style=\"font-size: small;\"><span style=\"line-height: normal;\"><strong>SOBRE DEUS<\/strong><br \/>\n<\/span><\/span>Deus \u00e9 o criador e a lei que rege o universo. Ele existe eternamente em tr\u00eas pessoas: o Pai, o Filho e o Esp\u00edrito Santo. Estes tr\u00eas s\u00e3o iguais e um s\u00f3 Deus.G\u00eanesis 1:1, 26,27; 3:22; Salmo 90:2; Mateus 28:19; I Pedro 1:2; II Cor\u00edntios 13:1<\/p>\n<p><strong>SOBRE HOMEM<\/strong><br \/>\nCriou Deus o homem \u00e0 Sua imagem, para ser igual a Ele em car\u00e1ter. O ser humano \u00e9 a cria\u00e7\u00e3o suprema de Deus. Embora toda pessoa tenha potencial para o bem, ela teve uma atitude de desobedi\u00eancia (pecado) para com Deus. Esta atitude \u00e9 que a separa o de Deus.G\u00eanesis 1:27; Salmo 8:3-6; Isaias 53:6a; Romanos 3:23; Isaias 59:1,<\/p>\n<p><strong>SOBRE A ETERNIDADE<\/strong><br \/>\nO homem foi criado para uma exist\u00eancia plena. Para ser eterno. Ele poder\u00e1 viver: eternamente separado de Deus pelo pecado ou em uni\u00e3o com Deus pelo perd\u00e3o e salva\u00e7\u00e3o. Ser separado de Deus \u00e9 estar no Inferno. Estar eternamente com Deus \u00e9 vida eterna. C\u00e9u e Inferno s\u00e3o lugares de exist\u00eancia eterna.Jo\u00e3o 3:16; Jo\u00e3o 2:25; Jo\u00e3o 5:11-13; Romanos 6:23; 1 Jo\u00e3o 5:11-12; Mateus 25:31-46<\/p>\n<p><strong>SOBRE JESUS CRISTO<\/strong><br \/>\nJesus Cristo \u00e9 o Filho de Deus. Ele \u00e9 igual ao Pai. Jesus viveu uma vida humana sem pecado e ofereceu-se como sacrif\u00edcio, morrendo numa cruz para perd\u00e3o dos pecados de todas as pessoas. Ele ressuscitou ao terceiro dia para demonstrar o Seu poder sobre o pecado e a morte. Ascendeu ao c\u00e9u e voltar\u00e1 novamente \u00e0 terra para levar sua igreja ao reino eterno.Mateus 1:22, 23; Isaias 9:6; Jo\u00e3o 1:1-5, 14:10-30; Hebreus 4:14, 15; I Cor\u00edntios 15:3, 4; Romanos 1:3, 4; Atos 1:9-11; I Tim\u00f3teo 6:14, 15; Tito 2:1<\/p>\n<p><strong>SOBRE SALVA\u00c7\u00c3O<\/strong><br \/>\nA salva\u00e7\u00e3o \u00e9 um presente de Deus para todas as pessoas. O ser humano nunca poder\u00e1 resgatar seu pecado por si mesmo. Somente crendo em Jesus Cristo como oferta de Deus para o perd\u00e3o e salva\u00e7\u00e3o,a pessoa ser\u00e1 salva para a vida eterna. A vida eternacome\u00e7a no momento em que ela, pela f\u00e9, recebe Jesus Cristo em sua vida.Romanos 6:23; Ef\u00e9sios 2:8, 9; Jo\u00e3o 14:6, 1:12; Tito 3:5; G\u00e1latas 3:26; Romanos 5:<\/p>\n<p><strong>SOBRE ESPIRITO SANTO<\/strong><br \/>\nO Esp\u00edrito Santo \u00e9 igual ao Pai e ao Filho. Dentre outras atribui\u00e7\u00f5es, o Esp\u00edrito Santo est\u00e1 presente no mundo para convencer as pessoas sobre a necessidade da salva\u00e7\u00e3o em Jesus Cristo. Ele habita junto ao crist\u00e3o desde o momento que este aceita Jesus Cristo como salvador. Ele supre o crist\u00e3o com o poder da vida, do entendimento da verdade espiritual e da orienta\u00e7\u00e3o para fazer o que \u00e9 certo. O crist\u00e3o deve viver diariamente sob o controle do Esp\u00edrito Santo.II Cor\u00edntios 3:17; Jo\u00e3o 16:7-13, 14:16, 17; Atos 1:8; 1 Cor\u00edntios 2:12, 3:16; Ef\u00e9sios 1:13; G\u00e1latas 5:25; Ef\u00e9sios 5:1 \u201c.<\/p>\n<p><strong>SOBRE A B\u00cdBLIA<\/strong><br \/>\nA B\u00edblia \u00e9 a palavra de Deus para todas as pessoas. Foi escrita por homens sob a orienta\u00e7\u00e3o do Esp\u00edrito Santo. \u00c9 a fonte suprema de verdade para convic\u00e7\u00f5es crist\u00e3s e vida. \u00c9 a verdade sem conter erro.II Tim\u00f3teo 3:16; II Pedro 1:20, 21; II Tim\u00f3teo 1:13; Salmo 119:105, 160, 12:6; Prov\u00e9rbios 30:5 )<\/p>\n<p>&nbsp;<\/p>\n<p>Conhe\u00e7a a Declara\u00e7\u00e3o Doutrin\u00e1ria dos Batistas &#8211; <a href=\"http:\/\/batistas.com\/index.php?option=com_content&#038;view=article&#038;id=15&#038;Itemid=15\">clique aqui<\/a><\/p>\n<p><span style=\"font-size: small;\"><span style=\"line-height: normal;\"><br \/>\n<\/span><\/span><\/p>\n<div id=\"fb-root\"><\/div><script src=\"http:\/\/connect.facebook.net\/en_US\/all.js#xfbml=1\"><\/script><!-- Do not remove -->","protected":false},"excerpt":{"rendered":"<p>SOBRE DEUS Deus \u00e9 o criador e a lei que rege o universo. Ele existe eternamente em tr\u00eas pessoas: o Pai, o Filho e o Esp\u00edrito Santo. Estes tr\u00eas s\u00e3o iguais e um s\u00f3 Deus.G\u00eanesis 1:1, 26,27; 3:22; Salmo 90:2; Mateus 28:19; I Pedro 1:2; II Cor\u00edntios 13:1 SOBRE HOMEM Criou Deus o homem \u00e0&#8230;<\/p>\n","protected":false},"author":1,"featured_media":0,"parent":9,"menu_order":5,"comment_status":"closed","ping_status":"closed","template":"","meta":{"ngg_post_thumbnail":0,"_kadence_starter_templates_imported_post":false,"_kad_post_transparent":"","_kad_post_title":"","_kad_post_layout":"","_kad_post_sidebar_id":"","_kad_post_content_style":"","_kad_post_vertical_padding":"","_kad_post_feature":"","_kad_post_feature_position":"","_kad_post_header":false,"_kad_post_footer":false,"footnotes":""},"class_list":["post-5","page","type-page","status-publish","hentry"],"_links":{"self":[{"href":"http:\/\/www.ibimperial.org.br\/home\/wp-json\/wp\/v2\/pages\/5","targetHints":{"allow":["GET"]}}],"collection":[{"href":"http:\/\/www.ibimperial.org.br\/home\/wp-json\/wp\/v2\/pages"}],"about":[{"href":"http:\/\/www.ibimperial.org.br\/home\/wp-json\/wp\/v2\/types\/page"}],"author":[{"embeddable":true,"href":"http:\/\/www.ibimperial.org.br\/home\/wp-json\/wp\/v2\/users\/1"}],"replies":[{"embeddable":true,"href":"http:\/\/www.ibimperial.org.br\/home\/wp-json\/wp\/v2\/comments?post=5"}],"version-history":[{"count":5,"href":"http:\/\/www.ibimperial.org.br\/home\/wp-json\/wp\/v2\/pages\/5\/revisions"}],"predecessor-version":[{"id":132,"href":"http:\/\/www.ibimperial.org.br\/home\/wp-json\/wp\/v2\/pages\/5\/revisions\/132"}],"up":[{"embeddable":true,"href":"http:\/\/www.ibimperial.org.br\/home\/wp-json\/wp\/v2\/pages\/9"}],"wp:attachment":[{"href":"http:\/\/www.ibimperial.org.br\/home\/wp-json\/wp\/v2\/media?parent=5"}],"curies":[{"name":"wp","href":"https:\/\/api.w.org\/{rel}","templated":true}]}}