{"id":502,"date":"2011-10-25T01:46:23","date_gmt":"2011-10-25T01:46:23","guid":{"rendered":"http:\/\/www.ibimperial.org.br\/home\/?page_id=502"},"modified":"2013-12-13T14:02:37","modified_gmt":"2013-12-13T14:02:37","slug":"iniciando","status":"publish","type":"page","link":"http:\/\/www.ibimperial.org.br\/home\/participe-2\/iniciando\/","title":{"rendered":"Iniciando"},"content":{"rendered":"<p>&nbsp;<\/p>\n<p>Se voc\u00ea quer come\u00e7ar a conhecer a B\u00edblia, pode participar de uma grupo inicial de estudo b\u00edblico.<\/p>\n<p>Eles acontecem aos domingos (09h e as 17h30).<\/p>\n<p>Participe.<\/p>\n<div id=\"fb-root\"><\/div><script src=\"http:\/\/connect.facebook.net\/en_US\/all.js#xfbml=1\"><\/script><!-- Do not remove -->","protected":false},"excerpt":{"rendered":"<p>&nbsp; Se voc\u00ea quer come\u00e7ar a conhecer a B\u00edblia, pode participar de uma grupo inicial de estudo b\u00edblico. Eles acontecem aos domingos (09h e as 17h30). Participe.<\/p>\n","protected":false},"author":1,"featured_media":0,"parent":307,"menu_order":0,"comment_status":"closed","ping_status":"closed","template":"","meta":{"ngg_post_thumbnail":0,"_kadence_starter_templates_imported_post":false,"_kad_post_transparent":"","_kad_post_title":"","_kad_post_layout":"","_kad_post_sidebar_id":"","_kad_post_content_style":"","_kad_post_vertical_padding":"","_kad_post_feature":"","_kad_post_feature_position":"","_kad_post_header":false,"_kad_post_footer":false,"footnotes":""},"class_list":["post-502","page","type-page","status-publish","hentry"],"_links":{"self":[{"href":"http:\/\/www.ibimperial.org.br\/home\/wp-json\/wp\/v2\/pages\/502","targetHints":{"allow":["GET"]}}],"collection":[{"href":"http:\/\/www.ibimperial.org.br\/home\/wp-json\/wp\/v2\/pages"}],"about":[{"href":"http:\/\/www.ibimperial.org.br\/home\/wp-json\/wp\/v2\/types\/page"}],"author":[{"embeddable":true,"href":"http:\/\/www.ibimperial.org.br\/home\/wp-json\/wp\/v2\/users\/1"}],"replies":[{"embeddable":true,"href":"http:\/\/www.ibimperial.org.br\/home\/wp-json\/wp\/v2\/comments?post=502"}],"version-history":[{"count":5,"href":"http:\/\/www.ibimperial.org.br\/home\/wp-json\/wp\/v2\/pages\/502\/revisions"}],"predecessor-version":[{"id":884,"href":"http:\/\/www.ibimperial.org.br\/home\/wp-json\/wp\/v2\/pages\/502\/revisions\/884"}],"up":[{"embeddable":true,"href":"http:\/\/www.ibimperial.org.br\/home\/wp-json\/wp\/v2\/pages\/307"}],"wp:attachment":[{"href":"http:\/\/www.ibimperial.org.br\/home\/wp-json\/wp\/v2\/media?parent=502"}],"curies":[{"name":"wp","href":"https:\/\/api.w.org\/{rel}","templated":true}]}}