{"id":79,"date":"2011-06-30T03:37:16","date_gmt":"2011-06-30T03:37:16","guid":{"rendered":"http:\/\/www.ibimperial.org.br\/home\/?page_id=79"},"modified":"2011-06-30T12:29:13","modified_gmt":"2011-06-30T12:29:13","slug":"mvv","status":"publish","type":"page","link":"http:\/\/www.ibimperial.org.br\/home\/inicia\/mvv\/","title":{"rendered":"Vis\u00e3o"},"content":{"rendered":"<p style=\"text-align: center;\"><a href=\"http:\/\/dl.getdropbox.com\/u\/fq06k3ywy4b4dsq\/home\/uploads\/2011\/06\/somente-logo-preta-01.png\"><img loading=\"lazy\" decoding=\"async\" class=\"aligncenter size-thumbnail wp-image-124\" title=\"somente-logo-preta-01\" src=\"http:\/\/dl.getdropbox.com\/u\/fq06k3ywy4b4dsq\/home\/uploads\/2011\/06\/somente-logo-preta-01-150x150.png\" alt=\"\" width=\"150\" height=\"150\" \/><\/a><br \/>\n<strong>Nossa Miss\u00e3o<\/strong><\/p>\n<p style=\"text-align: center;\">Existimos para ser b\u00fassola, que aponte o caminho: Cristo.<\/p>\n<p style=\"text-align: center;\">Temos a miss\u00e3o de fazer\u00a0disc\u00edpulos,\u00a0que cres\u00e7am continuamente em gra\u00e7a e sabedoria diante de Deus\u00a0e dos homens.<\/p>\n<p style=\"text-align: center;\"><strong>Nossa Vis\u00e3o<\/strong><\/p>\n<p style=\"text-align: center;\">Ser uma igreja referencial,\u00a0no Recife,\u00a0reconhecida por agir\u00a0como instrumento de\u00a0transforma\u00e7\u00e3o positiva da cidade\u00a0e expans\u00e3o do Reino de Deus\u00a0aqui na Terra.<\/p>\n<p style=\"text-align: center;\">&nbsp;<\/p>\n<div id=\"fb-root\"><\/div><script src=\"http:\/\/connect.facebook.net\/en_US\/all.js#xfbml=1\"><\/script><!-- Do not remove -->","protected":false},"excerpt":{"rendered":"<p>Nossa Miss\u00e3o Existimos para ser b\u00fassola, que aponte o caminho: Cristo. Temos a miss\u00e3o de fazer\u00a0disc\u00edpulos,\u00a0que cres\u00e7am continuamente em gra\u00e7a e sabedoria diante de Deus\u00a0e dos homens. Nossa Vis\u00e3o Ser uma igreja referencial,\u00a0no Recife,\u00a0reconhecida por agir\u00a0como instrumento de\u00a0transforma\u00e7\u00e3o positiva da cidade\u00a0e expans\u00e3o do Reino de Deus\u00a0aqui na Terra. &nbsp;<\/p>\n","protected":false},"author":1,"featured_media":0,"parent":9,"menu_order":1,"comment_status":"closed","ping_status":"closed","template":"","meta":{"ngg_post_thumbnail":0,"_kadence_starter_templates_imported_post":false,"_kad_post_transparent":"","_kad_post_title":"","_kad_post_layout":"","_kad_post_sidebar_id":"","_kad_post_content_style":"","_kad_post_vertical_padding":"","_kad_post_feature":"","_kad_post_feature_position":"","_kad_post_header":false,"_kad_post_footer":false,"footnotes":""},"class_list":["post-79","page","type-page","status-publish","hentry"],"_links":{"self":[{"href":"http:\/\/www.ibimperial.org.br\/home\/wp-json\/wp\/v2\/pages\/79","targetHints":{"allow":["GET"]}}],"collection":[{"href":"http:\/\/www.ibimperial.org.br\/home\/wp-json\/wp\/v2\/pages"}],"about":[{"href":"http:\/\/www.ibimperial.org.br\/home\/wp-json\/wp\/v2\/types\/page"}],"author":[{"embeddable":true,"href":"http:\/\/www.ibimperial.org.br\/home\/wp-json\/wp\/v2\/users\/1"}],"replies":[{"embeddable":true,"href":"http:\/\/www.ibimperial.org.br\/home\/wp-json\/wp\/v2\/comments?post=79"}],"version-history":[{"count":8,"href":"http:\/\/www.ibimperial.org.br\/home\/wp-json\/wp\/v2\/pages\/79\/revisions"}],"predecessor-version":[{"id":128,"href":"http:\/\/www.ibimperial.org.br\/home\/wp-json\/wp\/v2\/pages\/79\/revisions\/128"}],"up":[{"embeddable":true,"href":"http:\/\/www.ibimperial.org.br\/home\/wp-json\/wp\/v2\/pages\/9"}],"wp:attachment":[{"href":"http:\/\/www.ibimperial.org.br\/home\/wp-json\/wp\/v2\/media?parent=79"}],"curies":[{"name":"wp","href":"https:\/\/api.w.org\/{rel}","templated":true}]}}