{"id":958,"date":"2014-04-09T18:22:09","date_gmt":"2014-04-09T18:22:09","guid":{"rendered":"http:\/\/www.ibimperial.org.br\/home\/?page_id=958"},"modified":"2020-05-17T12:28:13","modified_gmt":"2020-05-17T12:28:13","slug":"acampamento","status":"publish","type":"page","link":"http:\/\/www.ibimperial.org.br\/home\/acampamento\/","title":{"rendered":"Acampamento"},"content":{"rendered":"<p>H\u00e1 mais de 10 anos, fomos presenteados por Deus, com o nosso acampamento,que conta com quase 40 hectares de \u00e1rea, com piscina para adultos e crian\u00e7as, campo de futebol e voleibol, dormit\u00f3rio, cozinha, audit\u00f3rio externo. Fizemos uma grande reforma nele neste final de ano(2013).<\/p>\n<p>Para mais informa\u00e7\u00f5es acesse a p\u00e1gina do acampamento no facebook.<br \/>\nhttps:\/\/www.facebook.com\/AcampamentoImperial<\/p>\n<p>Disponivel para loca\u00e7\u00e3o, entre em contato -&gt; F(81) 3428.4713<\/p>\n<p>&nbsp;<\/p>\n<div id=\"fb-root\"><\/div><script src=\"http:\/\/connect.facebook.net\/en_US\/all.js#xfbml=1\"><\/script><!-- Do not remove -->","protected":false},"excerpt":{"rendered":"<p>H\u00e1 mais de 10 anos, fomos presenteados por Deus, com o nosso acampamento,que conta com quase 40 hectares de \u00e1rea, com piscina para adultos e crian\u00e7as, campo de futebol e voleibol, dormit\u00f3rio, cozinha, audit\u00f3rio externo. Fizemos uma grande reforma nele neste final de ano(2013). Para mais informa\u00e7\u00f5es acesse a p\u00e1gina do acampamento no facebook. https:\/\/www.facebook.com\/AcampamentoImperial&#8230;<\/p>\n","protected":false},"author":1,"featured_media":0,"parent":0,"menu_order":0,"comment_status":"closed","ping_status":"closed","template":"","meta":{"ngg_post_thumbnail":0,"_kadence_starter_templates_imported_post":false,"_kad_post_transparent":"","_kad_post_title":"","_kad_post_layout":"","_kad_post_sidebar_id":"","_kad_post_content_style":"","_kad_post_vertical_padding":"","_kad_post_feature":"","_kad_post_feature_position":"","_kad_post_header":false,"_kad_post_footer":false,"footnotes":""},"class_list":["post-958","page","type-page","status-publish","hentry"],"_links":{"self":[{"href":"http:\/\/www.ibimperial.org.br\/home\/wp-json\/wp\/v2\/pages\/958","targetHints":{"allow":["GET"]}}],"collection":[{"href":"http:\/\/www.ibimperial.org.br\/home\/wp-json\/wp\/v2\/pages"}],"about":[{"href":"http:\/\/www.ibimperial.org.br\/home\/wp-json\/wp\/v2\/types\/page"}],"author":[{"embeddable":true,"href":"http:\/\/www.ibimperial.org.br\/home\/wp-json\/wp\/v2\/users\/1"}],"replies":[{"embeddable":true,"href":"http:\/\/www.ibimperial.org.br\/home\/wp-json\/wp\/v2\/comments?post=958"}],"version-history":[{"count":4,"href":"http:\/\/www.ibimperial.org.br\/home\/wp-json\/wp\/v2\/pages\/958\/revisions"}],"predecessor-version":[{"id":1097,"href":"http:\/\/www.ibimperial.org.br\/home\/wp-json\/wp\/v2\/pages\/958\/revisions\/1097"}],"wp:attachment":[{"href":"http:\/\/www.ibimperial.org.br\/home\/wp-json\/wp\/v2\/media?parent=958"}],"curies":[{"name":"wp","href":"https:\/\/api.w.org\/{rel}","templated":true}]}}